{"id":101,"date":"2022-11-06T14:13:38","date_gmt":"2022-11-06T14:13:38","guid":{"rendered":"https:\/\/lektorat-wortgestoeber.de\/?page_id=101"},"modified":"2026-01-02T09:10:55","modified_gmt":"2026-01-02T09:10:55","slug":"minilektorat","status":"publish","type":"page","link":"https:\/\/lektorat-wortgestoeber.de\/index.php\/minilektorat\/","title":{"rendered":"Minilektorat"},"content":{"rendered":"\n<figure class=\"wp-block-image size-full\"><img loading=\"lazy\" decoding=\"async\" width=\"986\" height=\"963\" src=\"https:\/\/lektorat-wortgestoeber.de\/wp-content\/uploads\/2022\/11\/Minilektorat-2-1.jpg\" alt=\"Minilektorat, Logo Lektorat Wortgestoeber\" class=\"wp-image-167\" srcset=\"https:\/\/lektorat-wortgestoeber.de\/wp-content\/uploads\/2022\/11\/Minilektorat-2-1.jpg 986w, https:\/\/lektorat-wortgestoeber.de\/wp-content\/uploads\/2022\/11\/Minilektorat-2-1-300x293.jpg 300w, https:\/\/lektorat-wortgestoeber.de\/wp-content\/uploads\/2022\/11\/Minilektorat-2-1-768x750.jpg 768w\" sizes=\"auto, (max-width: 986px) 100vw, 986px\" \/><\/figure>\n\n\n\n<p class=\"has-text-align-center\"><strong>Minilektorat<\/strong> &#8211;  <strong>Preis je nach Umfang <\/strong><\/p>\n\n\n\n<p class=\"has-normal-font-size\">Du kannst mir auch nur einen Teil deines Manuskriptes zur Durchsicht einreichen. Im Minilektorat erfolgt die Bearbeitung ebenfalls in zwei Durchg\u00e4ngen nach den Kriterien des inhaltlichen und stilistischen Lektorats mit einem anschlie\u00dfenden Gespr\u00e4ch. <\/p>\n\n\n\n<p class=\"has-normal-font-size\"><strong>Das kostet dich z.B. f\u00fcr 50 Seiten 320\u20ac<\/strong><\/p>\n\n\n\n<p class=\"has-normal-font-size\">F\u00fcr weniger als 15 Seiten berechne ich den Preis eines Probelektorats (95,00 Euro). Mehr als 50 Seiten sind nat\u00fcrlich m\u00f6glich, ebenso einzelne Kapitel deines Skripts, der Preis ist dann Verhandlungsbasis und richtet sich nach dem Umfang.<\/p>\n\n\n\n<div style=\"height:100px\" aria-hidden=\"true\" class=\"wp-block-spacer\"><\/div>\n\n\n\n<div class=\"wp-block-buttons is-content-justification-center is-layout-flex wp-container-core-buttons-is-layout-16018d1d wp-block-buttons-is-layout-flex\">\n<div class=\"wp-block-button is-style-outline is-style-outline--1\"><a class=\"wp-block-button__link wp-element-button\" href=\"https:\/\/lektorat-wortgestoeber.de\/index.php\/kontakt\/\" style=\"border-radius:100px\">Jetzt anfragen<\/a><\/div>\n<\/div>\n","protected":false},"excerpt":{"rendered":"<p>Minilektorat &#8211; Preis je nach Umfang Du kannst mir auch nur einen Teil deines Manuskriptes zur Durchsicht einreichen. Im Minilektorat erfolgt die Bearbeitung ebenfalls in zwei Durchg\u00e4ngen nach den Kriterien des inhaltlichen und stilistischen Lektorats mit einem anschlie\u00dfenden Gespr\u00e4ch. Das kostet dich z.B. f\u00fcr 50 Seiten 320\u20ac F\u00fcr weniger als 15 Seiten berechne ich den&hellip; <a class=\"more-link\" href=\"https:\/\/lektorat-wortgestoeber.de\/index.php\/minilektorat\/\"><span class=\"screen-reader-text\">Minilektorat<\/span> weiterlesen<\/a><\/p>\n","protected":false},"author":1,"featured_media":0,"parent":0,"menu_order":0,"comment_status":"closed","ping_status":"closed","template":"","meta":{"footnotes":""},"class_list":["post-101","page","type-page","status-publish","hentry","entry"],"yoast_head":"<!-- This site is optimized with the Yoast SEO plugin v27.4 - https:\/\/yoast.com\/product\/yoast-seo-wordpress\/ -->\n<title>Minilektorat - Lektorat Wortgest\u00f6ber<\/title>\n<meta name=\"description\" content=\"Minilektorat, Lektorat f\u00fcr Teile deines Skripts , 50-100 Seiten zum Preis von 400 Euro, weniger oder mehr Seiten m\u00f6glich, Preis nach Absprache\" \/>\n<meta name=\"robots\" content=\"index, follow, max-snippet:-1, max-image-preview:large, max-video-preview:-1\" \/>\n<link rel=\"canonical\" href=\"https:\/\/lektorat-wortgestoeber.de\/index.php\/minilektorat\/\" \/>\n<meta property=\"og:locale\" content=\"de_DE\" \/>\n<meta property=\"og:type\" content=\"article\" \/>\n<meta property=\"og:title\" content=\"Minilektorat - Lektorat Wortgest\u00f6ber\" \/>\n<meta property=\"og:description\" content=\"Minilektorat, Lektorat f\u00fcr Teile deines Skripts , 50-100 Seiten zum Preis von 400 Euro, weniger oder mehr Seiten m\u00f6glich, Preis nach Absprache\" \/>\n<meta property=\"og:url\" content=\"https:\/\/lektorat-wortgestoeber.de\/index.php\/minilektorat\/\" \/>\n<meta property=\"og:site_name\" content=\"Lektorat Wortgest\u00f6ber\" \/>\n<meta property=\"article:modified_time\" content=\"2026-01-02T09:10:55+00:00\" \/>\n<meta property=\"og:image\" content=\"https:\/\/lektorat-wortgestoeber.de\/wp-content\/uploads\/2022\/11\/Minilektorat-2-1.jpg\" \/>\n\t<meta property=\"og:image:width\" content=\"986\" \/>\n\t<meta property=\"og:image:height\" content=\"963\" \/>\n\t<meta property=\"og:image:type\" content=\"image\/jpeg\" \/>\n<meta name=\"twitter:card\" content=\"summary_large_image\" \/>\n<meta name=\"twitter:label1\" content=\"Gesch\u00e4tzte Lesezeit\" \/>\n\t<meta name=\"twitter:data1\" content=\"1\u00a0Minute\" \/>\n<script type=\"application\/ld+json\" class=\"yoast-schema-graph\">{\"@context\":\"https:\\\/\\\/schema.org\",\"@graph\":[{\"@type\":\"WebPage\",\"@id\":\"https:\\\/\\\/lektorat-wortgestoeber.de\\\/index.php\\\/minilektorat\\\/\",\"url\":\"https:\\\/\\\/lektorat-wortgestoeber.de\\\/index.php\\\/minilektorat\\\/\",\"name\":\"Minilektorat - Lektorat Wortgest\u00f6ber\",\"isPartOf\":{\"@id\":\"https:\\\/\\\/lektorat-wortgestoeber.de\\\/#website\"},\"primaryImageOfPage\":{\"@id\":\"https:\\\/\\\/lektorat-wortgestoeber.de\\\/index.php\\\/minilektorat\\\/#primaryimage\"},\"image\":{\"@id\":\"https:\\\/\\\/lektorat-wortgestoeber.de\\\/index.php\\\/minilektorat\\\/#primaryimage\"},\"thumbnailUrl\":\"https:\\\/\\\/lektorat-wortgestoeber.de\\\/wp-content\\\/uploads\\\/2022\\\/11\\\/Minilektorat-2-1.jpg\",\"datePublished\":\"2022-11-06T14:13:38+00:00\",\"dateModified\":\"2026-01-02T09:10:55+00:00\",\"description\":\"Minilektorat, Lektorat f\u00fcr Teile deines Skripts , 50-100 Seiten zum Preis von 400 Euro, weniger oder mehr Seiten m\u00f6glich, Preis nach Absprache\",\"breadcrumb\":{\"@id\":\"https:\\\/\\\/lektorat-wortgestoeber.de\\\/index.php\\\/minilektorat\\\/#breadcrumb\"},\"inLanguage\":\"de\",\"potentialAction\":[{\"@type\":\"ReadAction\",\"target\":[\"https:\\\/\\\/lektorat-wortgestoeber.de\\\/index.php\\\/minilektorat\\\/\"]}]},{\"@type\":\"ImageObject\",\"inLanguage\":\"de\",\"@id\":\"https:\\\/\\\/lektorat-wortgestoeber.de\\\/index.php\\\/minilektorat\\\/#primaryimage\",\"url\":\"https:\\\/\\\/lektorat-wortgestoeber.de\\\/wp-content\\\/uploads\\\/2022\\\/11\\\/Minilektorat-2-1.jpg\",\"contentUrl\":\"https:\\\/\\\/lektorat-wortgestoeber.de\\\/wp-content\\\/uploads\\\/2022\\\/11\\\/Minilektorat-2-1.jpg\",\"width\":986,\"height\":963},{\"@type\":\"BreadcrumbList\",\"@id\":\"https:\\\/\\\/lektorat-wortgestoeber.de\\\/index.php\\\/minilektorat\\\/#breadcrumb\",\"itemListElement\":[{\"@type\":\"ListItem\",\"position\":1,\"name\":\"Startseite\",\"item\":\"https:\\\/\\\/lektorat-wortgestoeber.de\\\/\"},{\"@type\":\"ListItem\",\"position\":2,\"name\":\"Minilektorat\"}]},{\"@type\":\"WebSite\",\"@id\":\"https:\\\/\\\/lektorat-wortgestoeber.de\\\/#website\",\"url\":\"https:\\\/\\\/lektorat-wortgestoeber.de\\\/\",\"name\":\"Lektorat Wortgest\u00f6ber\",\"description\":\"\",\"alternateName\":\"Ursula Luckner\",\"potentialAction\":[{\"@type\":\"SearchAction\",\"target\":{\"@type\":\"EntryPoint\",\"urlTemplate\":\"https:\\\/\\\/lektorat-wortgestoeber.de\\\/?s={search_term_string}\"},\"query-input\":{\"@type\":\"PropertyValueSpecification\",\"valueRequired\":true,\"valueName\":\"search_term_string\"}}],\"inLanguage\":\"de\"}]}<\/script>\n<!-- \/ Yoast SEO plugin. -->","yoast_head_json":{"title":"Minilektorat - Lektorat Wortgest\u00f6ber","description":"Minilektorat, Lektorat f\u00fcr Teile deines Skripts , 50-100 Seiten zum Preis von 400 Euro, weniger oder mehr Seiten m\u00f6glich, Preis nach Absprache","robots":{"index":"index","follow":"follow","max-snippet":"max-snippet:-1","max-image-preview":"max-image-preview:large","max-video-preview":"max-video-preview:-1"},"canonical":"https:\/\/lektorat-wortgestoeber.de\/index.php\/minilektorat\/","og_locale":"de_DE","og_type":"article","og_title":"Minilektorat - Lektorat Wortgest\u00f6ber","og_description":"Minilektorat, Lektorat f\u00fcr Teile deines Skripts , 50-100 Seiten zum Preis von 400 Euro, weniger oder mehr Seiten m\u00f6glich, Preis nach Absprache","og_url":"https:\/\/lektorat-wortgestoeber.de\/index.php\/minilektorat\/","og_site_name":"Lektorat Wortgest\u00f6ber","article_modified_time":"2026-01-02T09:10:55+00:00","og_image":[{"width":986,"height":963,"url":"https:\/\/lektorat-wortgestoeber.de\/wp-content\/uploads\/2022\/11\/Minilektorat-2-1.jpg","type":"image\/jpeg"}],"twitter_card":"summary_large_image","twitter_misc":{"Gesch\u00e4tzte Lesezeit":"1\u00a0Minute"},"schema":{"@context":"https:\/\/schema.org","@graph":[{"@type":"WebPage","@id":"https:\/\/lektorat-wortgestoeber.de\/index.php\/minilektorat\/","url":"https:\/\/lektorat-wortgestoeber.de\/index.php\/minilektorat\/","name":"Minilektorat - Lektorat Wortgest\u00f6ber","isPartOf":{"@id":"https:\/\/lektorat-wortgestoeber.de\/#website"},"primaryImageOfPage":{"@id":"https:\/\/lektorat-wortgestoeber.de\/index.php\/minilektorat\/#primaryimage"},"image":{"@id":"https:\/\/lektorat-wortgestoeber.de\/index.php\/minilektorat\/#primaryimage"},"thumbnailUrl":"https:\/\/lektorat-wortgestoeber.de\/wp-content\/uploads\/2022\/11\/Minilektorat-2-1.jpg","datePublished":"2022-11-06T14:13:38+00:00","dateModified":"2026-01-02T09:10:55+00:00","description":"Minilektorat, Lektorat f\u00fcr Teile deines Skripts , 50-100 Seiten zum Preis von 400 Euro, weniger oder mehr Seiten m\u00f6glich, Preis nach Absprache","breadcrumb":{"@id":"https:\/\/lektorat-wortgestoeber.de\/index.php\/minilektorat\/#breadcrumb"},"inLanguage":"de","potentialAction":[{"@type":"ReadAction","target":["https:\/\/lektorat-wortgestoeber.de\/index.php\/minilektorat\/"]}]},{"@type":"ImageObject","inLanguage":"de","@id":"https:\/\/lektorat-wortgestoeber.de\/index.php\/minilektorat\/#primaryimage","url":"https:\/\/lektorat-wortgestoeber.de\/wp-content\/uploads\/2022\/11\/Minilektorat-2-1.jpg","contentUrl":"https:\/\/lektorat-wortgestoeber.de\/wp-content\/uploads\/2022\/11\/Minilektorat-2-1.jpg","width":986,"height":963},{"@type":"BreadcrumbList","@id":"https:\/\/lektorat-wortgestoeber.de\/index.php\/minilektorat\/#breadcrumb","itemListElement":[{"@type":"ListItem","position":1,"name":"Startseite","item":"https:\/\/lektorat-wortgestoeber.de\/"},{"@type":"ListItem","position":2,"name":"Minilektorat"}]},{"@type":"WebSite","@id":"https:\/\/lektorat-wortgestoeber.de\/#website","url":"https:\/\/lektorat-wortgestoeber.de\/","name":"Lektorat Wortgest\u00f6ber","description":"","alternateName":"Ursula Luckner","potentialAction":[{"@type":"SearchAction","target":{"@type":"EntryPoint","urlTemplate":"https:\/\/lektorat-wortgestoeber.de\/?s={search_term_string}"},"query-input":{"@type":"PropertyValueSpecification","valueRequired":true,"valueName":"search_term_string"}}],"inLanguage":"de"}]}},"_links":{"self":[{"href":"https:\/\/lektorat-wortgestoeber.de\/index.php\/wp-json\/wp\/v2\/pages\/101","targetHints":{"allow":["GET"]}}],"collection":[{"href":"https:\/\/lektorat-wortgestoeber.de\/index.php\/wp-json\/wp\/v2\/pages"}],"about":[{"href":"https:\/\/lektorat-wortgestoeber.de\/index.php\/wp-json\/wp\/v2\/types\/page"}],"author":[{"embeddable":true,"href":"https:\/\/lektorat-wortgestoeber.de\/index.php\/wp-json\/wp\/v2\/users\/1"}],"replies":[{"embeddable":true,"href":"https:\/\/lektorat-wortgestoeber.de\/index.php\/wp-json\/wp\/v2\/comments?post=101"}],"version-history":[{"count":21,"href":"https:\/\/lektorat-wortgestoeber.de\/index.php\/wp-json\/wp\/v2\/pages\/101\/revisions"}],"predecessor-version":[{"id":1104,"href":"https:\/\/lektorat-wortgestoeber.de\/index.php\/wp-json\/wp\/v2\/pages\/101\/revisions\/1104"}],"wp:attachment":[{"href":"https:\/\/lektorat-wortgestoeber.de\/index.php\/wp-json\/wp\/v2\/media?parent=101"}],"curies":[{"name":"wp","href":"https:\/\/api.w.org\/{rel}","templated":true}]}}