{"id":103,"date":"2022-11-06T14:12:12","date_gmt":"2022-11-06T14:12:12","guid":{"rendered":"https:\/\/lektorat-wortgestoeber.de\/?page_id=103"},"modified":"2026-01-02T09:04:06","modified_gmt":"2026-01-02T09:04:06","slug":"lets-get-it-breezed","status":"publish","type":"page","link":"https:\/\/lektorat-wortgestoeber.de\/index.php\/lets-get-it-breezed\/","title":{"rendered":"Frischer Wind"},"content":{"rendered":"\n<figure class=\"wp-block-image size-full is-style-default\"><img loading=\"lazy\" decoding=\"async\" width=\"980\" height=\"972\" src=\"https:\/\/lektorat-wortgestoeber.de\/wp-content\/uploads\/2023\/03\/Let\u00b4s-get-it-breezed.jpg\" alt=\"Let\u00b4s get it breezed, Logo Volllektorat\" class=\"wp-image-735\" srcset=\"https:\/\/lektorat-wortgestoeber.de\/wp-content\/uploads\/2023\/03\/Let\u00b4s-get-it-breezed.jpg 980w, https:\/\/lektorat-wortgestoeber.de\/wp-content\/uploads\/2023\/03\/Let\u00b4s-get-it-breezed-300x298.jpg 300w, https:\/\/lektorat-wortgestoeber.de\/wp-content\/uploads\/2023\/03\/Let\u00b4s-get-it-breezed-150x150.jpg 150w, https:\/\/lektorat-wortgestoeber.de\/wp-content\/uploads\/2023\/03\/Let\u00b4s-get-it-breezed-768x762.jpg 768w\" sizes=\"auto, (max-width: 980px) 100vw, 980px\" \/><\/figure>\n\n\n\n<p class=\"has-text-align-center\"><\/p>\n\n\n\n<p class=\"has-text-align-center\"><strong>Frischer Wind,<\/strong> <strong>ab 9,50\u20ac je Normseite *<\/strong><\/p>\n\n\n\n<p class=\"has-normal-font-size\">Wie der Name schon sagt, verdient jedes Manunskript eine steife oder eine sanfte Brise, die alle eventuellen Holprigkeiten einfach wegbl\u00e4st und ihm so den Glanz und den Pep eines abschlie\u00dfenden Finishes verleiht.<\/p>\n\n\n\n<p class=\"has-normal-font-size\">Dieses Finish basiert bei mir auf zwei wesentlichen S\u00e4ulen, n\u00e4mlich<\/p>\n\n\n\n<p class=\"has-normal-font-size\">a) inhaltlich: <\/p>\n\n\n\n<ul class=\"wp-block-list has-normal-font-size\">\n<li>Pr\u00fcfung des Textes auf Struktur und Spannung: Zieht mich der Anfang sofort in die Handlung, kann ich dem roten Faden folgen, stimmen die gro\u00dfen und kleinen Spannungsb\u00f6gen?<\/li>\n\n\n\n<li>\u00dcberzeugen mich die Figuren, handeln sie glaubw\u00fcrdig?<\/li>\n\n\n\n<li>Sind die Dialoge stimmig, passen sie zur Figur, erzeugen sie Konflikte, treiben sie die Handlung voran?<\/li>\n\n\n\n<li>Wird die Erz\u00e4hlperspektive eingehalten?<\/li>\n<\/ul>\n\n\n\n<p class=\"has-normal-font-size\">b) stilistisch: <\/p>\n\n\n\n<p class=\"has-normal-font-size\">hier nehme ich deinen Schreibstil unter die Lupe und achte dabei im Besonderen auf<\/p>\n\n\n\n<ul class=\"wp-block-list has-normal-font-size\">\n<li>Grammatik, Passivkonstruktionen, komplizierte Satzstellungen und Holprigkeiten<\/li>\n\n\n\n<li>F\u00fcllw\u00f6rter und Wortwiederholungen<\/li>\n\n\n\n<li>Beh\u00f6rden- und\/oder Umgangssprache<\/li>\n\n\n\n<li>Erz\u00e4hlstimme, Klischees<\/li>\n<\/ul>\n\n\n\n<p><\/p>\n\n\n\n<p class=\"has-normal-font-size\">Fl\u00fcchtigkeitsfehler, Rechtschreibung und Zeichensetzung korrigiere ich, soweit mir diesbez\u00fcglich etwas auff\u00e4llt. Dies stellt aber keine Garantie auf Vollst\u00e4ndigkeit dar und ersetzt auch nicht ein professionelles Korrektorat. <\/p>\n\n\n\n<div style=\"height:100px\" aria-hidden=\"true\" class=\"wp-block-spacer\"><\/div>\n\n\n\n<div class=\"wp-block-buttons is-content-justification-center is-layout-flex wp-container-core-buttons-is-layout-16018d1d wp-block-buttons-is-layout-flex\">\n<div class=\"wp-block-button is-style-outline is-style-outline--1\"><a class=\"wp-block-button__link wp-element-button\" href=\"lektorat-wortgestoeber.de\/index.php\/kontakt\/\" style=\"border-radius:100px\">Jetzt anfragen<\/a><\/div>\n<\/div>\n","protected":false},"excerpt":{"rendered":"<p>Frischer Wind, ab 9,50\u20ac je Normseite * Wie der Name schon sagt, verdient jedes Manunskript eine steife oder eine sanfte Brise, die alle eventuellen Holprigkeiten einfach wegbl\u00e4st und ihm so den Glanz und den Pep eines abschlie\u00dfenden Finishes verleiht. Dieses Finish basiert bei mir auf zwei wesentlichen S\u00e4ulen, n\u00e4mlich a) inhaltlich: b) stilistisch: hier nehme&hellip; <a class=\"more-link\" href=\"https:\/\/lektorat-wortgestoeber.de\/index.php\/lets-get-it-breezed\/\"><span class=\"screen-reader-text\">Frischer Wind<\/span> weiterlesen<\/a><\/p>\n","protected":false},"author":1,"featured_media":0,"parent":0,"menu_order":0,"comment_status":"closed","ping_status":"closed","template":"","meta":{"footnotes":""},"class_list":["post-103","page","type-page","status-publish","hentry","entry"],"yoast_head":"<!-- This site is optimized with the Yoast SEO plugin v27.4 - https:\/\/yoast.com\/product\/yoast-seo-wordpress\/ -->\n<title>Frischer Wind - Lektorat Wortgest\u00f6ber<\/title>\n<meta name=\"description\" content=\"Let\u00b4s get it breezed. Vollst\u00e4ndiges Lektorat, Manuskriptbearbeitung anhand der Kriterien eines stilistischen und inhaltlichen Lektorats,\" \/>\n<meta name=\"robots\" content=\"index, follow, max-snippet:-1, max-image-preview:large, max-video-preview:-1\" \/>\n<link rel=\"canonical\" href=\"https:\/\/lektorat-wortgestoeber.de\/index.php\/lets-get-it-breezed\/\" \/>\n<meta property=\"og:locale\" content=\"de_DE\" \/>\n<meta property=\"og:type\" content=\"article\" \/>\n<meta property=\"og:title\" content=\"Frischer Wind - Lektorat Wortgest\u00f6ber\" \/>\n<meta property=\"og:description\" content=\"Let\u00b4s get it breezed. Vollst\u00e4ndiges Lektorat, Manuskriptbearbeitung anhand der Kriterien eines stilistischen und inhaltlichen Lektorats,\" \/>\n<meta property=\"og:url\" content=\"https:\/\/lektorat-wortgestoeber.de\/index.php\/lets-get-it-breezed\/\" \/>\n<meta property=\"og:site_name\" content=\"Lektorat Wortgest\u00f6ber\" \/>\n<meta property=\"article:modified_time\" content=\"2026-01-02T09:04:06+00:00\" \/>\n<meta name=\"twitter:card\" content=\"summary_large_image\" \/>\n<meta name=\"twitter:label1\" content=\"Gesch\u00e4tzte Lesezeit\" \/>\n\t<meta name=\"twitter:data1\" content=\"2\u00a0Minuten\" \/>\n<script type=\"application\/ld+json\" class=\"yoast-schema-graph\">{\"@context\":\"https:\\\/\\\/schema.org\",\"@graph\":[{\"@type\":\"WebPage\",\"@id\":\"https:\\\/\\\/lektorat-wortgestoeber.de\\\/index.php\\\/lets-get-it-breezed\\\/\",\"url\":\"https:\\\/\\\/lektorat-wortgestoeber.de\\\/index.php\\\/lets-get-it-breezed\\\/\",\"name\":\"Frischer Wind - Lektorat Wortgest\u00f6ber\",\"isPartOf\":{\"@id\":\"https:\\\/\\\/lektorat-wortgestoeber.de\\\/#website\"},\"datePublished\":\"2022-11-06T14:12:12+00:00\",\"dateModified\":\"2026-01-02T09:04:06+00:00\",\"description\":\"Let\u00b4s get it breezed. Vollst\u00e4ndiges Lektorat, Manuskriptbearbeitung anhand der Kriterien eines stilistischen und inhaltlichen Lektorats,\",\"breadcrumb\":{\"@id\":\"https:\\\/\\\/lektorat-wortgestoeber.de\\\/index.php\\\/lets-get-it-breezed\\\/#breadcrumb\"},\"inLanguage\":\"de\",\"potentialAction\":[{\"@type\":\"ReadAction\",\"target\":[\"https:\\\/\\\/lektorat-wortgestoeber.de\\\/index.php\\\/lets-get-it-breezed\\\/\"]}]},{\"@type\":\"BreadcrumbList\",\"@id\":\"https:\\\/\\\/lektorat-wortgestoeber.de\\\/index.php\\\/lets-get-it-breezed\\\/#breadcrumb\",\"itemListElement\":[{\"@type\":\"ListItem\",\"position\":1,\"name\":\"Startseite\",\"item\":\"https:\\\/\\\/lektorat-wortgestoeber.de\\\/\"},{\"@type\":\"ListItem\",\"position\":2,\"name\":\"Frischer Wind\"}]},{\"@type\":\"WebSite\",\"@id\":\"https:\\\/\\\/lektorat-wortgestoeber.de\\\/#website\",\"url\":\"https:\\\/\\\/lektorat-wortgestoeber.de\\\/\",\"name\":\"Lektorat Wortgest\u00f6ber\",\"description\":\"\",\"alternateName\":\"Ursula Luckner\",\"potentialAction\":[{\"@type\":\"SearchAction\",\"target\":{\"@type\":\"EntryPoint\",\"urlTemplate\":\"https:\\\/\\\/lektorat-wortgestoeber.de\\\/?s={search_term_string}\"},\"query-input\":{\"@type\":\"PropertyValueSpecification\",\"valueRequired\":true,\"valueName\":\"search_term_string\"}}],\"inLanguage\":\"de\"}]}<\/script>\n<!-- \/ Yoast SEO plugin. -->","yoast_head_json":{"title":"Frischer Wind - Lektorat Wortgest\u00f6ber","description":"Let\u00b4s get it breezed. Vollst\u00e4ndiges Lektorat, Manuskriptbearbeitung anhand der Kriterien eines stilistischen und inhaltlichen Lektorats,","robots":{"index":"index","follow":"follow","max-snippet":"max-snippet:-1","max-image-preview":"max-image-preview:large","max-video-preview":"max-video-preview:-1"},"canonical":"https:\/\/lektorat-wortgestoeber.de\/index.php\/lets-get-it-breezed\/","og_locale":"de_DE","og_type":"article","og_title":"Frischer Wind - Lektorat Wortgest\u00f6ber","og_description":"Let\u00b4s get it breezed. Vollst\u00e4ndiges Lektorat, Manuskriptbearbeitung anhand der Kriterien eines stilistischen und inhaltlichen Lektorats,","og_url":"https:\/\/lektorat-wortgestoeber.de\/index.php\/lets-get-it-breezed\/","og_site_name":"Lektorat Wortgest\u00f6ber","article_modified_time":"2026-01-02T09:04:06+00:00","twitter_card":"summary_large_image","twitter_misc":{"Gesch\u00e4tzte Lesezeit":"2\u00a0Minuten"},"schema":{"@context":"https:\/\/schema.org","@graph":[{"@type":"WebPage","@id":"https:\/\/lektorat-wortgestoeber.de\/index.php\/lets-get-it-breezed\/","url":"https:\/\/lektorat-wortgestoeber.de\/index.php\/lets-get-it-breezed\/","name":"Frischer Wind - Lektorat Wortgest\u00f6ber","isPartOf":{"@id":"https:\/\/lektorat-wortgestoeber.de\/#website"},"datePublished":"2022-11-06T14:12:12+00:00","dateModified":"2026-01-02T09:04:06+00:00","description":"Let\u00b4s get it breezed. Vollst\u00e4ndiges Lektorat, Manuskriptbearbeitung anhand der Kriterien eines stilistischen und inhaltlichen Lektorats,","breadcrumb":{"@id":"https:\/\/lektorat-wortgestoeber.de\/index.php\/lets-get-it-breezed\/#breadcrumb"},"inLanguage":"de","potentialAction":[{"@type":"ReadAction","target":["https:\/\/lektorat-wortgestoeber.de\/index.php\/lets-get-it-breezed\/"]}]},{"@type":"BreadcrumbList","@id":"https:\/\/lektorat-wortgestoeber.de\/index.php\/lets-get-it-breezed\/#breadcrumb","itemListElement":[{"@type":"ListItem","position":1,"name":"Startseite","item":"https:\/\/lektorat-wortgestoeber.de\/"},{"@type":"ListItem","position":2,"name":"Frischer Wind"}]},{"@type":"WebSite","@id":"https:\/\/lektorat-wortgestoeber.de\/#website","url":"https:\/\/lektorat-wortgestoeber.de\/","name":"Lektorat Wortgest\u00f6ber","description":"","alternateName":"Ursula Luckner","potentialAction":[{"@type":"SearchAction","target":{"@type":"EntryPoint","urlTemplate":"https:\/\/lektorat-wortgestoeber.de\/?s={search_term_string}"},"query-input":{"@type":"PropertyValueSpecification","valueRequired":true,"valueName":"search_term_string"}}],"inLanguage":"de"}]}},"_links":{"self":[{"href":"https:\/\/lektorat-wortgestoeber.de\/index.php\/wp-json\/wp\/v2\/pages\/103","targetHints":{"allow":["GET"]}}],"collection":[{"href":"https:\/\/lektorat-wortgestoeber.de\/index.php\/wp-json\/wp\/v2\/pages"}],"about":[{"href":"https:\/\/lektorat-wortgestoeber.de\/index.php\/wp-json\/wp\/v2\/types\/page"}],"author":[{"embeddable":true,"href":"https:\/\/lektorat-wortgestoeber.de\/index.php\/wp-json\/wp\/v2\/users\/1"}],"replies":[{"embeddable":true,"href":"https:\/\/lektorat-wortgestoeber.de\/index.php\/wp-json\/wp\/v2\/comments?post=103"}],"version-history":[{"count":23,"href":"https:\/\/lektorat-wortgestoeber.de\/index.php\/wp-json\/wp\/v2\/pages\/103\/revisions"}],"predecessor-version":[{"id":1101,"href":"https:\/\/lektorat-wortgestoeber.de\/index.php\/wp-json\/wp\/v2\/pages\/103\/revisions\/1101"}],"wp:attachment":[{"href":"https:\/\/lektorat-wortgestoeber.de\/index.php\/wp-json\/wp\/v2\/media?parent=103"}],"curies":[{"name":"wp","href":"https:\/\/api.w.org\/{rel}","templated":true}]}}