{"id":27,"date":"2022-11-05T13:30:40","date_gmt":"2022-11-05T13:30:40","guid":{"rendered":"https:\/\/lektorat-wortgestoeber.de\/?page_id=27"},"modified":"2026-01-15T12:00:13","modified_gmt":"2026-01-15T12:00:13","slug":"wortgestoeber-lektorat","status":"publish","type":"page","link":"https:\/\/lektorat-wortgestoeber.de\/","title":{"rendered":"Startseite"},"content":{"rendered":"\n<figure class=\"wp-block-image size-large\"><img loading=\"lazy\" decoding=\"async\" width=\"1024\" height=\"1024\" src=\"https:\/\/lektorat-wortgestoeber.de\/wp-content\/uploads\/2022\/11\/Banner_Transparent_weich-1024x1024.png\" alt=\"Wortgest\u00f6ber, Logo Lektorat\" class=\"wp-image-15\" srcset=\"https:\/\/lektorat-wortgestoeber.de\/wp-content\/uploads\/2022\/11\/Banner_Transparent_weich-1024x1024.png 1024w, https:\/\/lektorat-wortgestoeber.de\/wp-content\/uploads\/2022\/11\/Banner_Transparent_weich-300x300.png 300w, https:\/\/lektorat-wortgestoeber.de\/wp-content\/uploads\/2022\/11\/Banner_Transparent_weich-150x150.png 150w, https:\/\/lektorat-wortgestoeber.de\/wp-content\/uploads\/2022\/11\/Banner_Transparent_weich-768x768.png 768w, https:\/\/lektorat-wortgestoeber.de\/wp-content\/uploads\/2022\/11\/Banner_Transparent_weich.png 1500w\" sizes=\"auto, (max-width: 1024px) 100vw, 1024px\" \/><\/figure>\n\n\n\n<div style=\"height:50px\" aria-hidden=\"true\" class=\"wp-block-spacer\"><\/div>\n\n\n\n<h2 class=\"wp-block-heading alignwide has-text-align-center has-text-align-wide has-gray-color has-text-color\" style=\"font-style:italic;font-weight:200;line-height:1.1\"><em>Ein herzliches Willkommen <\/em><\/h2>\n\n\n\n<h2 class=\"wp-block-heading alignwide has-text-align-center has-text-align-wide has-gray-color has-text-color\" style=\"font-style:italic;font-weight:200;line-height:1.1\"><em>im Wortgest\u00f6ber<\/em><\/h2>\n\n\n\n<div style=\"height:100px\" aria-hidden=\"true\" class=\"wp-block-spacer\"><\/div>\n\n\n\n<p><\/p>\n\n\n\n<p class=\"has-gray-color has-text-color\"><strong>&#8222;Pr\u00fcfet alles, das Gute aber behaltet.&#8220; <\/strong><\/p>\n\n\n\n<p class=\"has-gray-color has-text-color\">G\u00e4be es einen besseren Leitsatz f\u00fcr ein Lektorat?<\/p>\n\n\n\n<p class=\"has-gray-color has-text-color\">Ihm ordne ich meine Arbeit an deinem Text unter, den du gerade erfolgreich abgeschlossen hast. Nun h\u00e4ltst du dein Manuskript mit Recht stolz in H\u00e4nden. Denn du hast viel Zeit investiert und an ihm eine Menge Arbeit geleistet. Vielleicht &nbsp;denkst du &nbsp;dir aber gerade: Ein bisschen frischer Wind w\u00fcrde deinem Sch\u00f6pfungswerk noch guttun, der eventuelle Holprigkeiten und Fehler einfach so wegbl\u00e4st? Dann bist du bei mir richtig. &nbsp;Genau das biete ich dir an. Ich st\u00f6bere in deinen Worten, wirble die Stellen auf, wo deine Geschichte vielleicht noch hakt und puste Fehler einfach weg, wie eine Brise. Und ganz egal ob du dir eine steife Brise oder einen sanften Sommerwind w\u00fcnschst &#8211; zugeschnitten auf die Bed\u00fcrfnisse deiner Ausarbeitungen biete ich dir ein Lektorat nach deiner Vorstellung. Damit dein Geschriebenes nicht im Gest\u00f6ber untergeht, sondern die Leuchtkraft deiner Worte  zur Geltung kommt. <\/p>\n\n\n\n<div class=\"wp-block-group\"><div class=\"wp-block-group__inner-container is-layout-constrained wp-block-group-is-layout-constrained\">\n<div class=\"wp-block-group alignfull\"><div class=\"wp-block-group__inner-container is-layout-constrained wp-block-group-is-layout-constrained\">\n<p class=\"has-extra-large-font-size\"><strong><em>Valentinsspecial<\/em><\/strong><\/p>\n\n\n<div class=\"wp-block-image\">\n<figure class=\"alignleft size-full is-resized\"><img loading=\"lazy\" decoding=\"async\" width=\"619\" height=\"454\" src=\"https:\/\/lektorat-wortgestoeber.de\/wp-content\/uploads\/2024\/08\/grafik-2.png\" alt=\"\" class=\"wp-image-1037\" style=\"aspect-ratio:1.3634331880235488;width:115px;height:auto\" srcset=\"https:\/\/lektorat-wortgestoeber.de\/wp-content\/uploads\/2024\/08\/grafik-2.png 619w, https:\/\/lektorat-wortgestoeber.de\/wp-content\/uploads\/2024\/08\/grafik-2-300x220.png 300w\" sizes=\"auto, (max-width: 619px) 100vw, 619px\" \/><\/figure>\n<\/div>\n\n\n<p class=\"has-large-font-size\">Alle Buchungen von 15.01.2026 bis einschlie\u00dflich 14. Februar 2026 erhalten einen Preisnachlass in H\u00f6he von 10% <\/p>\n\n\n\n<div class=\"wp-block-group\"><div class=\"wp-block-group__inner-container is-layout-constrained wp-block-group-is-layout-constrained\">\n<p><\/p>\n\n\n\n<p class=\"has-extra-large-font-size\">Neue Preise ab 2026<\/p>\n<\/div><\/div>\n\n\n\n<p class=\"has-large-font-size\">Ab 01.01.2026 erh\u00f6ht sich mein Honorar f\u00fcr alle Lektorate\/Korrektorate um je 1\u20ac. <\/p>\n\n\n\n<p class=\"has-large-font-size\">Ausgenommen davon bleiben das Lyrische Lektorat und das Lektorat f\u00fcr englische Texte.<\/p>\n\n\n\n<p class=\"has-large-font-size\"> Wenn du dir die alten Preise sichern m\u00f6chtest, noch schnell in diesem Jahr f\u00fcr 2026 buchen!<\/p>\n\n\n\n<p><\/p>\n<\/div><\/div>\n<\/div><\/div>\n\n\n\n<p class=\"has-text-align-center has-extra-large-font-size\"><strong><em>Freie Kapazit\u00e4ten <\/em>2026<\/strong><\/p>\n\n\n\n<p>Du suchst f\u00fcr 2026 ein Lektorat f\u00fcr dein Manuskript? Dann schreib mir gerne schon jetzt, damit wir deinen Wunschtermin mit meinem Zeitplan koordinieren k\u00f6nnen.<\/p>\n\n\n\n<div class=\"wp-block-group\"><div class=\"wp-block-group__inner-container is-layout-constrained wp-block-group-is-layout-constrained\">\n<figure class=\"wp-block-image size-large is-resized\"><img loading=\"lazy\" decoding=\"async\" width=\"1024\" height=\"1014\" src=\"https:\/\/lektorat-wortgestoeber.de\/wp-content\/uploads\/2025\/12\/Kapazitaeten-2026-1024x1014.jpeg\" alt=\"\" class=\"wp-image-1092\" style=\"width:395px;height:auto\" srcset=\"https:\/\/lektorat-wortgestoeber.de\/wp-content\/uploads\/2025\/12\/Kapazitaeten-2026-1024x1014.jpeg 1024w, https:\/\/lektorat-wortgestoeber.de\/wp-content\/uploads\/2025\/12\/Kapazitaeten-2026-300x297.jpeg 300w, https:\/\/lektorat-wortgestoeber.de\/wp-content\/uploads\/2025\/12\/Kapazitaeten-2026-150x150.jpeg 150w, https:\/\/lektorat-wortgestoeber.de\/wp-content\/uploads\/2025\/12\/Kapazitaeten-2026-768x761.jpeg 768w, https:\/\/lektorat-wortgestoeber.de\/wp-content\/uploads\/2025\/12\/Kapazitaeten-2026.jpeg 1028w\" sizes=\"auto, (max-width: 1024px) 100vw, 1024px\" \/><\/figure>\n<\/div><\/div>\n\n\n\n<div class=\"wp-block-buttons is-content-justification-center is-layout-flex wp-container-core-buttons-is-layout-16018d1d wp-block-buttons-is-layout-flex\">\n<div class=\"wp-block-button is-style-outline is-style-outline--1\"><a class=\"wp-block-button__link wp-element-button\" href=\"https:\/\/lektorat-wortgestoeber.de\/index.php\/kontakt\/\" style=\"border-radius:100px\">jetzt anfragen<\/a><\/div>\n<\/div>\n\n\n\n<p class=\"has-text-align-center has-extra-large-font-size\">Neues aus dem Wortgest\u00f6ber<\/p>\n\n\n\n<p class=\"has-large-font-size\"><strong>Neu: Workshops und lyrisch-literarische Kurse in kleinen Gruppen.<\/strong><\/p>\n\n\n\n<p class=\"has-large-font-size\">Z.B. &#8222;Den eigenen Schreibstil verbessern&#8220;; &#8222;Let\u00b4s Lyrik &#8211; oder auf gut Deutsch: Ran an die Reime&#8220;<\/p>\n\n\n\n<p class=\"has-large-font-size\">Termine und Preise auf Anfrage<\/p>\n\n\n\n<p class=\"has-large-font-size\"><strong>Lektorat f\u00fcr spezielle Manuskripte, z.B. Epos, philosophische Texte, etc.<\/strong><\/p>\n\n\n\n<p class=\"has-large-font-size\">Preis auf Anfrage<\/p>\n\n\n\n<p><a href=\"https:\/\/lektorat-wortgestoeber.de\/index.php\/kontakt\/\">jetzt anfragen<\/a><\/p>\n\n\n\n<p><\/p>\n\n\n\n<p class=\"has-large-font-size\"><strong>Neu: <\/strong>In English please? &#8211; Why not?<\/p>\n\n\n\n<div class=\"wp-block-group\"><div class=\"wp-block-group__inner-container is-layout-constrained wp-block-group-is-layout-constrained\">\n<figure class=\"wp-block-image size-full is-resized\"><img loading=\"lazy\" decoding=\"async\" width=\"993\" height=\"1007\" src=\"https:\/\/lektorat-wortgestoeber.de\/wp-content\/uploads\/2025\/01\/Englisch.jpg\" alt=\"\" class=\"wp-image-1075\" style=\"width:259px;height:auto\" srcset=\"https:\/\/lektorat-wortgestoeber.de\/wp-content\/uploads\/2025\/01\/Englisch.jpg 993w, https:\/\/lektorat-wortgestoeber.de\/wp-content\/uploads\/2025\/01\/Englisch-296x300.jpg 296w, https:\/\/lektorat-wortgestoeber.de\/wp-content\/uploads\/2025\/01\/Englisch-768x779.jpg 768w\" sizes=\"auto, (max-width: 993px) 100vw, 993px\" \/><\/figure>\n<\/div><\/div>\n\n\n\n<p>Du kannst mich ab sofort als Lektorin f\u00fcr deine Lyrik in englischer Sprache buchen.<\/p>\n\n\n\n<p><a href=\"https:\/\/lektorat-wortgestoeber.de\/index.php\/in-english-please\/\">Mehr Infos dazu <\/a><\/p>\n\n\n\n<p><\/p>\n\n\n\n<p class=\"has-large-font-size\"><strong>Neu<\/strong>:  Klappentext\/Expos\u00e9-Service<\/p>\n\n\n\n<p>Gerne helfe ich dir bei der Erstellung\/Begutachtung deines Klappentextes und\/oder Expos\u00e9s. Preis auf Anfrage.<\/p>\n\n\n\n<p class=\"has-large-font-size\"><strong>Neu<\/strong>: Stammkundenrabatt <\/p>\n\n\n\n<p>Alle Autor*innen, die bei mir bereits fr\u00fcher ein Lektorat\/Korrektorat f\u00fcr ihr Manuskript gebucht haben, erhalten f\u00fcr jeden weiteren erteilten Lektoratsauftrag automatisch 10% Preisnachlass.<\/p>\n\n\n\n<p class=\"has-text-align-center has-extra-large-font-size\"><\/p>\n\n\n\n<div class=\"wp-block-buttons is-content-justification-center is-layout-flex wp-container-core-buttons-is-layout-16018d1d wp-block-buttons-is-layout-flex\">\n<div class=\"wp-block-button is-style-outline is-style-outline--2\"><a class=\"wp-block-button__link wp-element-button\" href=\"https:\/\/lektorat-wortgestoeber.de\/index.php\/kontakt\/\" style=\"border-radius:100px\">jetzt anfragen<\/a><\/div>\n<\/div>\n\n\n\n<p class=\"has-text-align-center has-normal-font-size\"><\/p>\n\n\n\n<p class=\"has-text-align-center has-large-font-size\"><\/p>\n\n\n\n<p class=\"has-text-align-center\"><\/p>\n\n\n\n<div class=\"wp-block-group alignwide\"><div class=\"wp-block-group__inner-container is-layout-constrained wp-block-group-is-layout-constrained\">\n<div class=\"wp-block-group alignwide\"><div class=\"wp-block-group__inner-container is-layout-constrained wp-block-group-is-layout-constrained\">\n<div class=\"wp-block-group alignwide\"><div class=\"wp-block-group__inner-container is-layout-constrained wp-block-group-is-layout-constrained\">\n<div class=\"wp-block-columns alignwide is-style-twentytwentyone-columns-overlap is-layout-flex wp-container-core-columns-is-layout-9d6595d7 wp-block-columns-is-layout-flex\">\n<div class=\"wp-block-column is-vertically-aligned-center is-layout-flow wp-block-column-is-layout-flow\">\n<div class=\"wp-block-buttons is-content-justification-left is-layout-flex wp-container-core-buttons-is-layout-fdcfc74e wp-block-buttons-is-layout-flex\">\n<div class=\"wp-block-button is-style-fill\"><a class=\"wp-block-button__link has-background has-small-font-size has-custom-font-size wp-element-button\" href=\"https:\/\/lektorat-wortgestoeber.de\/index.php\/das-bin-ich\/\" style=\"border-radius:100px;background-color:#7d7dba\">Das bin ich<\/a><\/div>\n<\/div>\n<\/div>\n\n\n\n<div class=\"wp-block-column is-vertically-aligned-center is-layout-flow wp-block-column-is-layout-flow\">\n<div class=\"wp-block-buttons alignwide is-content-justification-left is-layout-flex wp-container-core-buttons-is-layout-fdcfc74e wp-block-buttons-is-layout-flex\">\n<div class=\"wp-block-button\"><a class=\"wp-block-button__link has-background has-small-font-size has-custom-font-size wp-element-button\" href=\"https:\/\/lektorat-wortgestoeber.de\/index.php\/das-biete-ich\/\" style=\"border-radius:100px;background-color:#7d7dba\">Das biete ich<\/a><\/div>\n<\/div>\n<\/div>\n\n\n\n<div class=\"wp-block-column is-vertically-aligned-center is-layout-flow wp-block-column-is-layout-flow\">\n<div class=\"wp-block-buttons alignwide is-content-justification-left is-layout-flex wp-container-core-buttons-is-layout-fdcfc74e wp-block-buttons-is-layout-flex\">\n<div class=\"wp-block-button\"><a class=\"wp-block-button__link has-background has-small-font-size has-custom-font-size wp-element-button\" href=\"https:\/\/lektorat-wortgestoeber.de\/index.php\/lauter-lyrik\/\" style=\"border-radius:100px;background-color:#7d7dba\">lauter Lyrik<\/a><\/div>\n<\/div>\n<\/div>\n\n\n\n<div class=\"wp-block-column is-vertically-aligned-center is-layout-flow wp-block-column-is-layout-flow\">\n<div class=\"wp-block-buttons alignfull is-content-justification-center is-layout-flex wp-container-core-buttons-is-layout-16018d1d wp-block-buttons-is-layout-flex\">\n<div class=\"wp-block-button has-custom-width wp-block-button__width-100\"><a class=\"wp-block-button__link has-background has-small-font-size has-custom-font-size wp-element-button\" href=\"https:\/\/lektorat-wortgestoeber.de\/index.php\/das-sagen-meine-kunden\/\" style=\"border-radius:100px;background-color:#7d7dba;padding-top:var(--wp--preset--spacing--40);padding-right:var(--wp--preset--spacing--40);padding-bottom:var(--wp--preset--spacing--40);padding-left:var(--wp--preset--spacing--40)\">Das sagen meine Kunden<\/a><\/div>\n<\/div>\n<\/div>\n<\/div>\n<\/div><\/div>\n<\/div><\/div>\n<\/div><\/div>\n\n\n\n<div style=\"height:100px\" aria-hidden=\"true\" class=\"wp-block-spacer\"><\/div>\n\n\n\n<p class=\"has-text-align-center has-gray-color has-text-color\"><\/p>\n\n\n\n<div style=\"height:100px\" aria-hidden=\"true\" class=\"wp-block-spacer\"><\/div>\n\n\n\n<div class=\"wp-block-group\"><div class=\"wp-block-group__inner-container is-layout-constrained wp-block-group-is-layout-constrained\">\n<div class=\"wp-block-buttons is-content-justification-space-between is-layout-flex wp-container-core-buttons-is-layout-3d213aab wp-block-buttons-is-layout-flex\">\n<div class=\"wp-block-button is-style-outline is-style-outline--3\"><a class=\"wp-block-button__link wp-element-button\" href=\"https:\/\/lektorat-wortgestoeber.de\/index.php\/impressum\/\" style=\"border-radius:100px\">Impressum<\/a><\/div>\n\n\n\n<div class=\"wp-block-button is-style-outline is-style-outline--4\"><a class=\"wp-block-button__link wp-element-button\" href=\"https:\/\/lektorat-wortgestoeber.de\/index.php\/datenschutz-erklaerung\/\" style=\"border-radius:100px\">Datenschutz<\/a><\/div>\n<\/div>\n\n\n\n<div class=\"wp-block-buttons is-layout-flex wp-block-buttons-is-layout-flex\"><\/div>\n<\/div><\/div>\n\n\n\n<div class=\"wp-block-buttons is-layout-flex wp-block-buttons-is-layout-flex\"><\/div>\n\n\n\n<blockquote class=\"wp-block-quote is-layout-flow wp-block-quote-is-layout-flow\">\n<p><\/p>\n<\/blockquote>\n","protected":false},"excerpt":{"rendered":"<p>Ein herzliches Willkommen im Wortgest\u00f6ber &#8222;Pr\u00fcfet alles, das Gute aber behaltet.&#8220; G\u00e4be es einen besseren Leitsatz f\u00fcr ein Lektorat? Ihm ordne ich meine Arbeit an deinem Text unter, den du gerade erfolgreich abgeschlossen hast. Nun h\u00e4ltst du dein Manuskript mit Recht stolz in H\u00e4nden. Denn du hast viel Zeit investiert und an ihm eine Menge&hellip; <a class=\"more-link\" href=\"https:\/\/lektorat-wortgestoeber.de\/\"><span class=\"screen-reader-text\">Startseite<\/span> weiterlesen<\/a><\/p>\n","protected":false},"author":1,"featured_media":0,"parent":0,"menu_order":0,"comment_status":"closed","ping_status":"closed","template":"","meta":{"footnotes":""},"class_list":["post-27","page","type-page","status-publish","hentry","entry"],"yoast_head":"<!-- This site is optimized with the Yoast SEO plugin v27.4 - https:\/\/yoast.com\/product\/yoast-seo-wordpress\/ -->\n<title>Startseite - Lektorat Wortgest\u00f6ber<\/title>\n<meta name=\"description\" content=\"Wortgest\u00f6ber, Lektorat, dein Lektorat f\u00fcr Lyrik, historische Romane, Krimi, Cosy Crime, Kinder- und Jugendb\u00fccher\" \/>\n<meta name=\"robots\" content=\"index, follow, max-snippet:-1, max-image-preview:large, max-video-preview:-1\" \/>\n<link rel=\"canonical\" href=\"https:\/\/lektorat-wortgestoeber.de\/\" \/>\n<meta property=\"og:locale\" content=\"de_DE\" \/>\n<meta property=\"og:type\" content=\"article\" \/>\n<meta property=\"og:title\" content=\"Startseite - Lektorat Wortgest\u00f6ber\" \/>\n<meta property=\"og:description\" content=\"Wortgest\u00f6ber, Lektorat, dein Lektorat f\u00fcr Lyrik, historische Romane, Krimi, Cosy Crime, Kinder- und Jugendb\u00fccher\" \/>\n<meta property=\"og:url\" content=\"https:\/\/lektorat-wortgestoeber.de\/\" \/>\n<meta property=\"og:site_name\" content=\"Lektorat Wortgest\u00f6ber\" \/>\n<meta property=\"article:modified_time\" content=\"2026-01-15T12:00:13+00:00\" \/>\n<meta property=\"og:image\" content=\"https:\/\/lektorat-wortgestoeber.de\/wp-content\/uploads\/2022\/11\/Banner_Transparent_weich.png\" \/>\n\t<meta property=\"og:image:width\" content=\"1500\" \/>\n\t<meta property=\"og:image:height\" content=\"1500\" \/>\n\t<meta property=\"og:image:type\" content=\"image\/png\" \/>\n<meta name=\"twitter:card\" content=\"summary_large_image\" \/>\n<meta name=\"twitter:label1\" content=\"Gesch\u00e4tzte Lesezeit\" \/>\n\t<meta name=\"twitter:data1\" content=\"3\u00a0Minuten\" \/>\n<script type=\"application\/ld+json\" class=\"yoast-schema-graph\">{\"@context\":\"https:\\\/\\\/schema.org\",\"@graph\":[{\"@type\":\"WebPage\",\"@id\":\"https:\\\/\\\/lektorat-wortgestoeber.de\\\/\",\"url\":\"https:\\\/\\\/lektorat-wortgestoeber.de\\\/\",\"name\":\"Startseite - Lektorat Wortgest\u00f6ber\",\"isPartOf\":{\"@id\":\"https:\\\/\\\/lektorat-wortgestoeber.de\\\/#website\"},\"primaryImageOfPage\":{\"@id\":\"https:\\\/\\\/lektorat-wortgestoeber.de\\\/#primaryimage\"},\"image\":{\"@id\":\"https:\\\/\\\/lektorat-wortgestoeber.de\\\/#primaryimage\"},\"thumbnailUrl\":\"https:\\\/\\\/lektorat-wortgestoeber.de\\\/wp-content\\\/uploads\\\/2022\\\/11\\\/Banner_Transparent_weich-1024x1024.png\",\"datePublished\":\"2022-11-05T13:30:40+00:00\",\"dateModified\":\"2026-01-15T12:00:13+00:00\",\"description\":\"Wortgest\u00f6ber, Lektorat, dein Lektorat f\u00fcr Lyrik, historische Romane, Krimi, Cosy Crime, Kinder- und Jugendb\u00fccher\",\"breadcrumb\":{\"@id\":\"https:\\\/\\\/lektorat-wortgestoeber.de\\\/#breadcrumb\"},\"inLanguage\":\"de\",\"potentialAction\":[{\"@type\":\"ReadAction\",\"target\":[\"https:\\\/\\\/lektorat-wortgestoeber.de\\\/\"]}]},{\"@type\":\"ImageObject\",\"inLanguage\":\"de\",\"@id\":\"https:\\\/\\\/lektorat-wortgestoeber.de\\\/#primaryimage\",\"url\":\"https:\\\/\\\/lektorat-wortgestoeber.de\\\/wp-content\\\/uploads\\\/2022\\\/11\\\/Banner_Transparent_weich.png\",\"contentUrl\":\"https:\\\/\\\/lektorat-wortgestoeber.de\\\/wp-content\\\/uploads\\\/2022\\\/11\\\/Banner_Transparent_weich.png\",\"width\":1500,\"height\":1500},{\"@type\":\"BreadcrumbList\",\"@id\":\"https:\\\/\\\/lektorat-wortgestoeber.de\\\/#breadcrumb\",\"itemListElement\":[{\"@type\":\"ListItem\",\"position\":1,\"name\":\"Startseite\",\"item\":\"https:\\\/\\\/lektorat-wortgestoeber.de\\\/\"},{\"@type\":\"ListItem\",\"position\":2,\"name\":\"Startseite\"}]},{\"@type\":\"WebSite\",\"@id\":\"https:\\\/\\\/lektorat-wortgestoeber.de\\\/#website\",\"url\":\"https:\\\/\\\/lektorat-wortgestoeber.de\\\/\",\"name\":\"Lektorat Wortgest\u00f6ber\",\"description\":\"\",\"alternateName\":\"Ursula Luckner\",\"potentialAction\":[{\"@type\":\"SearchAction\",\"target\":{\"@type\":\"EntryPoint\",\"urlTemplate\":\"https:\\\/\\\/lektorat-wortgestoeber.de\\\/?s={search_term_string}\"},\"query-input\":{\"@type\":\"PropertyValueSpecification\",\"valueRequired\":true,\"valueName\":\"search_term_string\"}}],\"inLanguage\":\"de\"}]}<\/script>\n<!-- \/ Yoast SEO plugin. -->","yoast_head_json":{"title":"Startseite - Lektorat Wortgest\u00f6ber","description":"Wortgest\u00f6ber, Lektorat, dein Lektorat f\u00fcr Lyrik, historische Romane, Krimi, Cosy Crime, Kinder- und Jugendb\u00fccher","robots":{"index":"index","follow":"follow","max-snippet":"max-snippet:-1","max-image-preview":"max-image-preview:large","max-video-preview":"max-video-preview:-1"},"canonical":"https:\/\/lektorat-wortgestoeber.de\/","og_locale":"de_DE","og_type":"article","og_title":"Startseite - Lektorat Wortgest\u00f6ber","og_description":"Wortgest\u00f6ber, Lektorat, dein Lektorat f\u00fcr Lyrik, historische Romane, Krimi, Cosy Crime, Kinder- und Jugendb\u00fccher","og_url":"https:\/\/lektorat-wortgestoeber.de\/","og_site_name":"Lektorat Wortgest\u00f6ber","article_modified_time":"2026-01-15T12:00:13+00:00","og_image":[{"width":1500,"height":1500,"url":"https:\/\/lektorat-wortgestoeber.de\/wp-content\/uploads\/2022\/11\/Banner_Transparent_weich.png","type":"image\/png"}],"twitter_card":"summary_large_image","twitter_misc":{"Gesch\u00e4tzte Lesezeit":"3\u00a0Minuten"},"schema":{"@context":"https:\/\/schema.org","@graph":[{"@type":"WebPage","@id":"https:\/\/lektorat-wortgestoeber.de\/","url":"https:\/\/lektorat-wortgestoeber.de\/","name":"Startseite - Lektorat Wortgest\u00f6ber","isPartOf":{"@id":"https:\/\/lektorat-wortgestoeber.de\/#website"},"primaryImageOfPage":{"@id":"https:\/\/lektorat-wortgestoeber.de\/#primaryimage"},"image":{"@id":"https:\/\/lektorat-wortgestoeber.de\/#primaryimage"},"thumbnailUrl":"https:\/\/lektorat-wortgestoeber.de\/wp-content\/uploads\/2022\/11\/Banner_Transparent_weich-1024x1024.png","datePublished":"2022-11-05T13:30:40+00:00","dateModified":"2026-01-15T12:00:13+00:00","description":"Wortgest\u00f6ber, Lektorat, dein Lektorat f\u00fcr Lyrik, historische Romane, Krimi, Cosy Crime, Kinder- und Jugendb\u00fccher","breadcrumb":{"@id":"https:\/\/lektorat-wortgestoeber.de\/#breadcrumb"},"inLanguage":"de","potentialAction":[{"@type":"ReadAction","target":["https:\/\/lektorat-wortgestoeber.de\/"]}]},{"@type":"ImageObject","inLanguage":"de","@id":"https:\/\/lektorat-wortgestoeber.de\/#primaryimage","url":"https:\/\/lektorat-wortgestoeber.de\/wp-content\/uploads\/2022\/11\/Banner_Transparent_weich.png","contentUrl":"https:\/\/lektorat-wortgestoeber.de\/wp-content\/uploads\/2022\/11\/Banner_Transparent_weich.png","width":1500,"height":1500},{"@type":"BreadcrumbList","@id":"https:\/\/lektorat-wortgestoeber.de\/#breadcrumb","itemListElement":[{"@type":"ListItem","position":1,"name":"Startseite","item":"https:\/\/lektorat-wortgestoeber.de\/"},{"@type":"ListItem","position":2,"name":"Startseite"}]},{"@type":"WebSite","@id":"https:\/\/lektorat-wortgestoeber.de\/#website","url":"https:\/\/lektorat-wortgestoeber.de\/","name":"Lektorat Wortgest\u00f6ber","description":"","alternateName":"Ursula Luckner","potentialAction":[{"@type":"SearchAction","target":{"@type":"EntryPoint","urlTemplate":"https:\/\/lektorat-wortgestoeber.de\/?s={search_term_string}"},"query-input":{"@type":"PropertyValueSpecification","valueRequired":true,"valueName":"search_term_string"}}],"inLanguage":"de"}]}},"_links":{"self":[{"href":"https:\/\/lektorat-wortgestoeber.de\/index.php\/wp-json\/wp\/v2\/pages\/27","targetHints":{"allow":["GET"]}}],"collection":[{"href":"https:\/\/lektorat-wortgestoeber.de\/index.php\/wp-json\/wp\/v2\/pages"}],"about":[{"href":"https:\/\/lektorat-wortgestoeber.de\/index.php\/wp-json\/wp\/v2\/types\/page"}],"author":[{"embeddable":true,"href":"https:\/\/lektorat-wortgestoeber.de\/index.php\/wp-json\/wp\/v2\/users\/1"}],"replies":[{"embeddable":true,"href":"https:\/\/lektorat-wortgestoeber.de\/index.php\/wp-json\/wp\/v2\/comments?post=27"}],"version-history":[{"count":132,"href":"https:\/\/lektorat-wortgestoeber.de\/index.php\/wp-json\/wp\/v2\/pages\/27\/revisions"}],"predecessor-version":[{"id":1112,"href":"https:\/\/lektorat-wortgestoeber.de\/index.php\/wp-json\/wp\/v2\/pages\/27\/revisions\/1112"}],"wp:attachment":[{"href":"https:\/\/lektorat-wortgestoeber.de\/index.php\/wp-json\/wp\/v2\/media?parent=27"}],"curies":[{"name":"wp","href":"https:\/\/api.w.org\/{rel}","templated":true}]}}